{"id":3215,"date":"2024-10-10T13:21:58","date_gmt":"2024-10-10T13:21:58","guid":{"rendered":"https:\/\/baumwipfelweg-bad-camberg.de\/?page_id=3215"},"modified":"2026-04-28T08:31:07","modified_gmt":"2026-04-28T08:31:07","slug":"partner","status":"publish","type":"page","link":"https:\/\/baumwipfelweg-bad-camberg.de\/index.php\/partner\/","title":{"rendered":"Partner"},"content":{"rendered":"\t\t<div data-elementor-type=\"wp-page\" data-elementor-id=\"3215\" class=\"elementor elementor-3215\" data-elementor-post-type=\"page\">\n\t\t\t\t\t\t<section class=\"elementor-section elementor-top-section elementor-element elementor-element-3714f183 elementor-section-full_width elementor-section-height-min-height elementor-section-items-stretch elementor-section-height-default\" data-id=\"3714f183\" data-element_type=\"section\" data-e-type=\"section\" data-settings=\"{&quot;background_background&quot;:&quot;classic&quot;}\">\n\t\t\t\t\t\t<div class=\"elementor-container elementor-column-gap-default\">\n\t\t\t\t\t<div class=\"elementor-column elementor-col-100 elementor-top-column elementor-element elementor-element-d242964\" data-id=\"d242964\" data-element_type=\"column\" data-e-type=\"column\">\n\t\t\t<div class=\"elementor-widget-wrap elementor-element-populated\">\n\t\t\t\t\t\t<div class=\"elementor-element elementor-element-9b69018 elementor-widget elementor-widget-heading\" data-id=\"9b69018\" data-element_type=\"widget\" data-e-type=\"widget\" data-widget_type=\"heading.default\">\n\t\t\t\t<div class=\"elementor-widget-container\">\n\t\t\t\t\t<h2 class=\"elementor-heading-title elementor-size-default\">Unsere Partner<\/h2>\t\t\t\t<\/div>\n\t\t\t\t<\/div>\n\t\t\t\t<div class=\"elementor-element elementor-element-afb8310 elementor-widget__width-initial elementor-widget-mobile__width-initial elementor-widget elementor-widget-toggle\" data-id=\"afb8310\" data-element_type=\"widget\" data-e-type=\"widget\" data-widget_type=\"toggle.default\">\n\t\t\t\t<div class=\"elementor-widget-container\">\n\t\t\t\t\t\t\t<div class=\"elementor-toggle\">\n\t\t\t\t\t\t\t<div class=\"elementor-toggle-item\">\n\t\t\t\t\t<div id=\"elementor-tab-title-1841\" class=\"elementor-tab-title\" data-tab=\"1\" role=\"button\" aria-controls=\"elementor-tab-content-1841\" aria-expanded=\"false\">\n\t\t\t\t\t\t\t\t\t\t\t\t<a class=\"elementor-toggle-title\" tabindex=\"0\"><center>Stadt Bad Camberg<\/a>\n\t\t\t\t\t<\/div>\n\n\t\t\t\t\t<div id=\"elementor-tab-content-1841\" class=\"elementor-tab-content elementor-clearfix\" data-tab=\"1\" role=\"region\" aria-labelledby=\"elementor-tab-title-1841\"><h5 style=\"text-align: center;\"><strong>2 Stunden frei parken in Bad Camberg mit dem Eintrittsticket vom Baumwipfelweg!<\/strong> (Parkscheibe + Eintrittsticket)<\/h5><p><span style=\"text-decoration: underline;\">St\u00e4dtische Homepag<\/span><span style=\"text-decoration: underline;\">e<\/span><\/p><p><a href=\"https:\/\/www.bad-camberg.de\/\" target=\"_blank\" rel=\"noopener\" data-saferedirecturl=\"https:\/\/www.google.com\/url?q=https:\/\/www.bad-camberg.de\/&amp;source=gmail&amp;ust=1728972768427000&amp;usg=AOvVaw1mN7_REDPsNv69FFIV08mW\">https:\/\/www.bad-camberg.de\/<\/a><\/p><p><span style=\"text-decoration: underline;\">Image-Film Bad Camberg<\/span><\/p><p><a href=\"https:\/\/www.bad-camberg.de\/kur-tourismus\/tourismus\/erleben-und-entdecken\/\" target=\"_blank\" rel=\"noopener\">https:\/\/www.bad-camberg.de\/kur-tourismus\/tourismus\/erleben-und-entdecken\/<\/a><\/p><p><span style=\"text-decoration: underline;\">Gewerbetreibende<\/span><\/p><p><a href=\"https:\/\/www.schaufenster-bad-camberg.de\/\" target=\"_blank\" rel=\"noopener\" data-saferedirecturl=\"https:\/\/www.google.com\/url?q=https:\/\/www.schaufenster-bad-camberg.de\/&amp;source=gmail&amp;ust=1728972768427000&amp;usg=AOvVaw0vTtiJWFZdlAO_Y41NWVHI\">https:\/\/www.schaufenster-bad-<wbr \/>camberg.de\/<\/a><\/p><\/div>\n\t\t\t\t<\/div>\n\t\t\t\t\t\t\t\t<\/div>\n\t\t\t\t\t\t<\/div>\n\t\t\t\t<\/div>\n\t\t\t\t<div class=\"elementor-element elementor-element-a7941be elementor-widget__width-initial elementor-widget-mobile__width-initial elementor-widget elementor-widget-toggle\" data-id=\"a7941be\" data-element_type=\"widget\" data-e-type=\"widget\" data-widget_type=\"toggle.default\">\n\t\t\t\t<div class=\"elementor-widget-container\">\n\t\t\t\t\t\t\t<div class=\"elementor-toggle\">\n\t\t\t\t\t\t\t<div class=\"elementor-toggle-item\">\n\t\t\t\t\t<div id=\"elementor-tab-title-1751\" class=\"elementor-tab-title\" data-tab=\"1\" role=\"button\" aria-controls=\"elementor-tab-content-1751\" aria-expanded=\"false\">\n\t\t\t\t\t\t\t\t\t\t\t\t<a class=\"elementor-toggle-title\" tabindex=\"0\"><center> \u00dcbernachtungen im Carolinger H\u00fcttendorf<\/a>\n\t\t\t\t\t<\/div>\n\n\t\t\t\t\t<div id=\"elementor-tab-content-1751\" class=\"elementor-tab-content elementor-clearfix\" data-tab=\"1\" role=\"region\" aria-labelledby=\"elementor-tab-title-1751\"><p style=\"text-align: center;\"><strong><a href=\"https:\/\/carolinger.net\/\">Hier<\/a><\/strong> findest du Unterk\u00fcnfte des Anbieters und weitere Freizeitangebote in der Region<\/p><\/div>\n\t\t\t\t<\/div>\n\t\t\t\t\t\t\t\t<\/div>\n\t\t\t\t\t\t<\/div>\n\t\t\t\t<\/div>\n\t\t\t\t<div class=\"elementor-element elementor-element-7909f19 elementor-widget__width-initial elementor-widget-mobile__width-initial elementor-widget elementor-widget-toggle\" data-id=\"7909f19\" data-element_type=\"widget\" data-e-type=\"widget\" data-widget_type=\"toggle.default\">\n\t\t\t\t<div class=\"elementor-widget-container\">\n\t\t\t\t\t\t\t<div class=\"elementor-toggle\">\n\t\t\t\t\t\t\t<div class=\"elementor-toggle-item\">\n\t\t\t\t\t<div id=\"elementor-tab-title-1261\" class=\"elementor-tab-title\" data-tab=\"1\" role=\"button\" aria-controls=\"elementor-tab-content-1261\" aria-expanded=\"false\">\n\t\t\t\t\t\t\t\t\t\t\t\t<a class=\"elementor-toggle-title\" tabindex=\"0\"><center> F\u00f6rderung<\/a>\n\t\t\t\t\t<\/div>\n\n\t\t\t\t\t<div id=\"elementor-tab-content-1261\" class=\"elementor-tab-content elementor-clearfix\" data-tab=\"1\" role=\"region\" aria-labelledby=\"elementor-tab-title-1261\"><p><img fetchpriority=\"high\" decoding=\"async\" class=\"aligncenter wp-image-4226 size-full\" src=\"https:\/\/baumwipfelweg-bad-camberg.de\/wp-content\/uploads\/2025\/04\/Foerderung-Partnersektion-copy-scaled.jpg\" alt=\"\" width=\"2560\" height=\"1811\" srcset=\"https:\/\/baumwipfelweg-bad-camberg.de\/wp-content\/uploads\/2025\/04\/Foerderung-Partnersektion-copy-scaled.jpg 2560w, https:\/\/baumwipfelweg-bad-camberg.de\/wp-content\/uploads\/2025\/04\/Foerderung-Partnersektion-copy-300x212.jpg 300w, https:\/\/baumwipfelweg-bad-camberg.de\/wp-content\/uploads\/2025\/04\/Foerderung-Partnersektion-copy-1024x724.jpg 1024w, https:\/\/baumwipfelweg-bad-camberg.de\/wp-content\/uploads\/2025\/04\/Foerderung-Partnersektion-copy-768x543.jpg 768w, https:\/\/baumwipfelweg-bad-camberg.de\/wp-content\/uploads\/2025\/04\/Foerderung-Partnersektion-copy-1536x1087.jpg 1536w, https:\/\/baumwipfelweg-bad-camberg.de\/wp-content\/uploads\/2025\/04\/Foerderung-Partnersektion-copy-2048x1449.jpg 2048w, https:\/\/baumwipfelweg-bad-camberg.de\/wp-content\/uploads\/2025\/04\/Foerderung-Partnersektion-copy-1568x1109.jpg 1568w\" sizes=\"(max-width: 2560px) 100vw, 2560px\" \/><\/p><\/div>\n\t\t\t\t<\/div>\n\t\t\t\t\t\t\t\t<\/div>\n\t\t\t\t\t\t<\/div>\n\t\t\t\t<\/div>\n\t\t\t\t<div class=\"elementor-element elementor-element-52a5ad0 elementor-widget__width-initial elementor-widget-mobile__width-initial elementor-widget elementor-widget-toggle\" data-id=\"52a5ad0\" data-element_type=\"widget\" data-e-type=\"widget\" data-widget_type=\"toggle.default\">\n\t\t\t\t<div class=\"elementor-widget-container\">\n\t\t\t\t\t\t\t<div class=\"elementor-toggle\">\n\t\t\t\t\t\t\t<div class=\"elementor-toggle-item\">\n\t\t\t\t\t<div id=\"elementor-tab-title-8661\" class=\"elementor-tab-title\" data-tab=\"1\" role=\"button\" aria-controls=\"elementor-tab-content-8661\" aria-expanded=\"false\">\n\t\t\t\t\t\t\t\t\t\t\t\t<a class=\"elementor-toggle-title\" tabindex=\"0\"><center> Weitere Partner<\/a>\n\t\t\t\t\t<\/div>\n\n\t\t\t\t\t<div id=\"elementor-tab-content-8661\" class=\"elementor-tab-content elementor-clearfix\" data-tab=\"1\" role=\"region\" aria-labelledby=\"elementor-tab-title-8661\"><p style=\"text-align: center;\"><a href=\"http:\/\/baumwipfelpfad.de\" target=\"_blank\" rel=\"noopener\">https:\/\/www.baumwipfelpfad.de<\/a><\/p><p style=\"text-align: center;\"><a href=\"https:\/\/www.baumwipfelpfad-baumkronenpfad.de\/\" target=\"_blank\" rel=\"noopener\">https:\/\/www.baumwipfelpfad-baumkronenpfad.de\/<\/a><\/p><\/div>\n\t\t\t\t<\/div>\n\t\t\t\t\t\t\t\t<\/div>\n\t\t\t\t\t\t<\/div>\n\t\t\t\t<\/div>\n\t\t\t\t\t<\/div>\n\t\t<\/div>\n\t\t\t\t\t<\/div>\n\t\t<\/section>\n\t\t\t\t<\/div>\n\t\t","protected":false},"excerpt":{"rendered":"<p>Unsere Partner Stadt Bad Camberg 2 Stunden frei parken in Bad Camberg mit dem Eintrittsticket vom Baumwipfelweg! (Parkscheibe + Eintrittsticket) St\u00e4dtische Homepage https:\/\/www.bad-camberg.de\/ Image-Film Bad Camberg https:\/\/www.bad-camberg.de\/kur-tourismus\/tourismus\/erleben-und-entdecken\/ Gewerbetreibende https:\/\/www.schaufenster-bad-camberg.de\/ \u00dcbernachtungen im Carolinger H\u00fcttendorf Hier findest du Unterk\u00fcnfte des Anbieters und weitere Freizeitangebote in der Region F\u00f6rderung Weitere Partner https:\/\/www.baumwipfelpfad.de https:\/\/www.baumwipfelpfad-baumkronenpfad.de\/<\/p>\n","protected":false},"author":2,"featured_media":0,"parent":0,"menu_order":0,"comment_status":"closed","ping_status":"closed","template":"elementor_header_footer","meta":{"_eb_attr":"","footnotes":""},"class_list":["post-3215","page","type-page","status-publish","hentry","entry"],"yoast_head":"<!-- This site is optimized with the Yoast SEO plugin v27.5 - https:\/\/yoast.com\/product\/yoast-seo-wordpress\/ -->\n<title>Partner - Baumwipfelweg Bad Camberg Baumwipfelweg Bad Camberg<\/title>\n<meta name=\"robots\" content=\"index, follow, max-snippet:-1, max-image-preview:large, max-video-preview:-1\" \/>\n<link rel=\"canonical\" href=\"https:\/\/baumwipfelweg-bad-camberg.de\/index.php\/partner\/\" \/>\n<meta property=\"og:locale\" content=\"de_DE\" \/>\n<meta property=\"og:type\" content=\"article\" \/>\n<meta property=\"og:title\" content=\"Partner - Baumwipfelweg Bad Camberg Baumwipfelweg Bad Camberg\" \/>\n<meta property=\"og:description\" content=\"Unsere Partner Stadt Bad Camberg 2 Stunden frei parken in Bad Camberg mit dem Eintrittsticket vom Baumwipfelweg! (Parkscheibe + Eintrittsticket) St\u00e4dtische Homepage https:\/\/www.bad-camberg.de\/ Image-Film Bad Camberg https:\/\/www.bad-camberg.de\/kur-tourismus\/tourismus\/erleben-und-entdecken\/ Gewerbetreibende https:\/\/www.schaufenster-bad-camberg.de\/ \u00dcbernachtungen im Carolinger H\u00fcttendorf Hier findest du Unterk\u00fcnfte des Anbieters und weitere Freizeitangebote in der Region F\u00f6rderung Weitere Partner https:\/\/www.baumwipfelpfad.de https:\/\/www.baumwipfelpfad-baumkronenpfad.de\/\" \/>\n<meta property=\"og:url\" content=\"https:\/\/baumwipfelweg-bad-camberg.de\/index.php\/partner\/\" \/>\n<meta property=\"og:site_name\" content=\"Baumwipfelweg Bad Camberg\" \/>\n<meta property=\"article:modified_time\" content=\"2026-04-28T08:31:07+00:00\" \/>\n<meta property=\"og:image\" content=\"https:\/\/baumwipfelweg-bad-camberg.de\/wp-content\/uploads\/2025\/04\/Foerderung-Partnersektion-copy-scaled.jpg\" \/>\n\t<meta property=\"og:image:width\" content=\"2560\" \/>\n\t<meta property=\"og:image:height\" content=\"1811\" \/>\n\t<meta property=\"og:image:type\" content=\"image\/jpeg\" \/>\n<meta name=\"twitter:card\" content=\"summary_large_image\" \/>\n<meta name=\"twitter:label1\" content=\"Gesch\u00e4tzte Lesezeit\" \/>\n\t<meta name=\"twitter:data1\" content=\"1\u00a0Minute\" \/>\n<script type=\"application\/ld+json\" class=\"yoast-schema-graph\">{\"@context\":\"https:\\\/\\\/schema.org\",\"@graph\":[{\"@type\":\"WebPage\",\"@id\":\"https:\\\/\\\/baumwipfelweg-bad-camberg.de\\\/index.php\\\/partner\\\/\",\"url\":\"https:\\\/\\\/baumwipfelweg-bad-camberg.de\\\/index.php\\\/partner\\\/\",\"name\":\"Partner - Baumwipfelweg Bad Camberg Baumwipfelweg Bad Camberg\",\"isPartOf\":{\"@id\":\"https:\\\/\\\/baumwipfelweg-bad-camberg.de\\\/#website\"},\"primaryImageOfPage\":{\"@id\":\"https:\\\/\\\/baumwipfelweg-bad-camberg.de\\\/index.php\\\/partner\\\/#primaryimage\"},\"image\":{\"@id\":\"https:\\\/\\\/baumwipfelweg-bad-camberg.de\\\/index.php\\\/partner\\\/#primaryimage\"},\"thumbnailUrl\":\"https:\\\/\\\/baumwipfelweg-bad-camberg.de\\\/wp-content\\\/uploads\\\/2025\\\/04\\\/Foerderung-Partnersektion-copy-scaled.jpg\",\"datePublished\":\"2024-10-10T13:21:58+00:00\",\"dateModified\":\"2026-04-28T08:31:07+00:00\",\"breadcrumb\":{\"@id\":\"https:\\\/\\\/baumwipfelweg-bad-camberg.de\\\/index.php\\\/partner\\\/#breadcrumb\"},\"inLanguage\":\"de\",\"potentialAction\":[{\"@type\":\"ReadAction\",\"target\":[\"https:\\\/\\\/baumwipfelweg-bad-camberg.de\\\/index.php\\\/partner\\\/\"]}]},{\"@type\":\"ImageObject\",\"inLanguage\":\"de\",\"@id\":\"https:\\\/\\\/baumwipfelweg-bad-camberg.de\\\/index.php\\\/partner\\\/#primaryimage\",\"url\":\"https:\\\/\\\/baumwipfelweg-bad-camberg.de\\\/wp-content\\\/uploads\\\/2025\\\/04\\\/Foerderung-Partnersektion-copy-scaled.jpg\",\"contentUrl\":\"https:\\\/\\\/baumwipfelweg-bad-camberg.de\\\/wp-content\\\/uploads\\\/2025\\\/04\\\/Foerderung-Partnersektion-copy-scaled.jpg\",\"width\":2560,\"height\":1811},{\"@type\":\"BreadcrumbList\",\"@id\":\"https:\\\/\\\/baumwipfelweg-bad-camberg.de\\\/index.php\\\/partner\\\/#breadcrumb\",\"itemListElement\":[{\"@type\":\"ListItem\",\"position\":1,\"name\":\"Startseite\",\"item\":\"https:\\\/\\\/baumwipfelweg-bad-camberg.de\\\/\"},{\"@type\":\"ListItem\",\"position\":2,\"name\":\"Partner\"}]},{\"@type\":\"WebSite\",\"@id\":\"https:\\\/\\\/baumwipfelweg-bad-camberg.de\\\/#website\",\"url\":\"https:\\\/\\\/baumwipfelweg-bad-camberg.de\\\/\",\"name\":\"Baumwipfelweg Bad Camberg\",\"description\":\"Just another WordPress site\",\"publisher\":{\"@id\":\"https:\\\/\\\/baumwipfelweg-bad-camberg.de\\\/#organization\"},\"potentialAction\":[{\"@type\":\"SearchAction\",\"target\":{\"@type\":\"EntryPoint\",\"urlTemplate\":\"https:\\\/\\\/baumwipfelweg-bad-camberg.de\\\/?s={search_term_string}\"},\"query-input\":{\"@type\":\"PropertyValueSpecification\",\"valueRequired\":true,\"valueName\":\"search_term_string\"}}],\"inLanguage\":\"de\"},{\"@type\":\"Organization\",\"@id\":\"https:\\\/\\\/baumwipfelweg-bad-camberg.de\\\/#organization\",\"name\":\"Baumwipfelweg Bad Camberg\",\"url\":\"https:\\\/\\\/baumwipfelweg-bad-camberg.de\\\/\",\"logo\":{\"@type\":\"ImageObject\",\"inLanguage\":\"de\",\"@id\":\"https:\\\/\\\/baumwipfelweg-bad-camberg.de\\\/#\\\/schema\\\/logo\\\/image\\\/\",\"url\":\"https:\\\/\\\/baumwipfelweg-bad-camberg.de\\\/wp-content\\\/uploads\\\/2022\\\/02\\\/Logo-Firmengruen-382-C-c4d600.png\",\"contentUrl\":\"https:\\\/\\\/baumwipfelweg-bad-camberg.de\\\/wp-content\\\/uploads\\\/2022\\\/02\\\/Logo-Firmengruen-382-C-c4d600.png\",\"width\":1024,\"height\":409,\"caption\":\"Baumwipfelweg Bad Camberg\"},\"image\":{\"@id\":\"https:\\\/\\\/baumwipfelweg-bad-camberg.de\\\/#\\\/schema\\\/logo\\\/image\\\/\"}}]}<\/script>\n<!-- \/ Yoast SEO plugin. -->","yoast_head_json":{"title":"Partner - Baumwipfelweg Bad Camberg Baumwipfelweg Bad Camberg","robots":{"index":"index","follow":"follow","max-snippet":"max-snippet:-1","max-image-preview":"max-image-preview:large","max-video-preview":"max-video-preview:-1"},"canonical":"https:\/\/baumwipfelweg-bad-camberg.de\/index.php\/partner\/","og_locale":"de_DE","og_type":"article","og_title":"Partner - Baumwipfelweg Bad Camberg Baumwipfelweg Bad Camberg","og_description":"Unsere Partner Stadt Bad Camberg 2 Stunden frei parken in Bad Camberg mit dem Eintrittsticket vom Baumwipfelweg! (Parkscheibe + Eintrittsticket) St\u00e4dtische Homepage https:\/\/www.bad-camberg.de\/ Image-Film Bad Camberg https:\/\/www.bad-camberg.de\/kur-tourismus\/tourismus\/erleben-und-entdecken\/ Gewerbetreibende https:\/\/www.schaufenster-bad-camberg.de\/ \u00dcbernachtungen im Carolinger H\u00fcttendorf Hier findest du Unterk\u00fcnfte des Anbieters und weitere Freizeitangebote in der Region F\u00f6rderung Weitere Partner https:\/\/www.baumwipfelpfad.de https:\/\/www.baumwipfelpfad-baumkronenpfad.de\/","og_url":"https:\/\/baumwipfelweg-bad-camberg.de\/index.php\/partner\/","og_site_name":"Baumwipfelweg Bad Camberg","article_modified_time":"2026-04-28T08:31:07+00:00","og_image":[{"width":2560,"height":1811,"url":"https:\/\/baumwipfelweg-bad-camberg.de\/wp-content\/uploads\/2025\/04\/Foerderung-Partnersektion-copy-scaled.jpg","type":"image\/jpeg"}],"twitter_card":"summary_large_image","twitter_misc":{"Gesch\u00e4tzte Lesezeit":"1\u00a0Minute"},"schema":{"@context":"https:\/\/schema.org","@graph":[{"@type":"WebPage","@id":"https:\/\/baumwipfelweg-bad-camberg.de\/index.php\/partner\/","url":"https:\/\/baumwipfelweg-bad-camberg.de\/index.php\/partner\/","name":"Partner - Baumwipfelweg Bad Camberg Baumwipfelweg Bad Camberg","isPartOf":{"@id":"https:\/\/baumwipfelweg-bad-camberg.de\/#website"},"primaryImageOfPage":{"@id":"https:\/\/baumwipfelweg-bad-camberg.de\/index.php\/partner\/#primaryimage"},"image":{"@id":"https:\/\/baumwipfelweg-bad-camberg.de\/index.php\/partner\/#primaryimage"},"thumbnailUrl":"https:\/\/baumwipfelweg-bad-camberg.de\/wp-content\/uploads\/2025\/04\/Foerderung-Partnersektion-copy-scaled.jpg","datePublished":"2024-10-10T13:21:58+00:00","dateModified":"2026-04-28T08:31:07+00:00","breadcrumb":{"@id":"https:\/\/baumwipfelweg-bad-camberg.de\/index.php\/partner\/#breadcrumb"},"inLanguage":"de","potentialAction":[{"@type":"ReadAction","target":["https:\/\/baumwipfelweg-bad-camberg.de\/index.php\/partner\/"]}]},{"@type":"ImageObject","inLanguage":"de","@id":"https:\/\/baumwipfelweg-bad-camberg.de\/index.php\/partner\/#primaryimage","url":"https:\/\/baumwipfelweg-bad-camberg.de\/wp-content\/uploads\/2025\/04\/Foerderung-Partnersektion-copy-scaled.jpg","contentUrl":"https:\/\/baumwipfelweg-bad-camberg.de\/wp-content\/uploads\/2025\/04\/Foerderung-Partnersektion-copy-scaled.jpg","width":2560,"height":1811},{"@type":"BreadcrumbList","@id":"https:\/\/baumwipfelweg-bad-camberg.de\/index.php\/partner\/#breadcrumb","itemListElement":[{"@type":"ListItem","position":1,"name":"Startseite","item":"https:\/\/baumwipfelweg-bad-camberg.de\/"},{"@type":"ListItem","position":2,"name":"Partner"}]},{"@type":"WebSite","@id":"https:\/\/baumwipfelweg-bad-camberg.de\/#website","url":"https:\/\/baumwipfelweg-bad-camberg.de\/","name":"Baumwipfelweg Bad Camberg","description":"Just another WordPress site","publisher":{"@id":"https:\/\/baumwipfelweg-bad-camberg.de\/#organization"},"potentialAction":[{"@type":"SearchAction","target":{"@type":"EntryPoint","urlTemplate":"https:\/\/baumwipfelweg-bad-camberg.de\/?s={search_term_string}"},"query-input":{"@type":"PropertyValueSpecification","valueRequired":true,"valueName":"search_term_string"}}],"inLanguage":"de"},{"@type":"Organization","@id":"https:\/\/baumwipfelweg-bad-camberg.de\/#organization","name":"Baumwipfelweg Bad Camberg","url":"https:\/\/baumwipfelweg-bad-camberg.de\/","logo":{"@type":"ImageObject","inLanguage":"de","@id":"https:\/\/baumwipfelweg-bad-camberg.de\/#\/schema\/logo\/image\/","url":"https:\/\/baumwipfelweg-bad-camberg.de\/wp-content\/uploads\/2022\/02\/Logo-Firmengruen-382-C-c4d600.png","contentUrl":"https:\/\/baumwipfelweg-bad-camberg.de\/wp-content\/uploads\/2022\/02\/Logo-Firmengruen-382-C-c4d600.png","width":1024,"height":409,"caption":"Baumwipfelweg Bad Camberg"},"image":{"@id":"https:\/\/baumwipfelweg-bad-camberg.de\/#\/schema\/logo\/image\/"}}]}},"_links":{"self":[{"href":"https:\/\/baumwipfelweg-bad-camberg.de\/index.php\/wp-json\/wp\/v2\/pages\/3215","targetHints":{"allow":["GET"]}}],"collection":[{"href":"https:\/\/baumwipfelweg-bad-camberg.de\/index.php\/wp-json\/wp\/v2\/pages"}],"about":[{"href":"https:\/\/baumwipfelweg-bad-camberg.de\/index.php\/wp-json\/wp\/v2\/types\/page"}],"author":[{"embeddable":true,"href":"https:\/\/baumwipfelweg-bad-camberg.de\/index.php\/wp-json\/wp\/v2\/users\/2"}],"replies":[{"embeddable":true,"href":"https:\/\/baumwipfelweg-bad-camberg.de\/index.php\/wp-json\/wp\/v2\/comments?post=3215"}],"version-history":[{"count":292,"href":"https:\/\/baumwipfelweg-bad-camberg.de\/index.php\/wp-json\/wp\/v2\/pages\/3215\/revisions"}],"predecessor-version":[{"id":5762,"href":"https:\/\/baumwipfelweg-bad-camberg.de\/index.php\/wp-json\/wp\/v2\/pages\/3215\/revisions\/5762"}],"wp:attachment":[{"href":"https:\/\/baumwipfelweg-bad-camberg.de\/index.php\/wp-json\/wp\/v2\/media?parent=3215"}],"curies":[{"name":"wp","href":"https:\/\/api.w.org\/{rel}","templated":true}]}}